{"id":80,"date":"2022-07-11T15:42:50","date_gmt":"2022-07-11T13:42:50","guid":{"rendered":"https:\/\/innovationsf\u00f6rderung.eu\/?page_id=80"},"modified":"2022-07-11T16:19:09","modified_gmt":"2022-07-11T14:19:09","slug":"datenschutz","status":"publish","type":"page","link":"https:\/\/innovationsf\u00f6rderung.eu\/?page_id=80","title":{"rendered":"Datenschutzerkl\u00e4rung"},"content":{"rendered":"\t\t<div data-elementor-type=\"wp-page\" data-elementor-id=\"80\" class=\"elementor elementor-80\">\n\t\t\t\t\t\t\t\t\t<section class=\"elementor-section elementor-top-section elementor-element elementor-element-fc07064 elementor-section-boxed elementor-section-height-default elementor-section-height-default\" data-id=\"fc07064\" data-element_type=\"section\" data-settings=\"{&quot;background_background&quot;:&quot;classic&quot;}\">\n\t\t\t\t\t\t<div class=\"elementor-container elementor-column-gap-default\">\n\t\t\t\t\t<div class=\"elementor-column elementor-col-100 elementor-top-column elementor-element elementor-element-fa0f5fb\" data-id=\"fa0f5fb\" data-element_type=\"column\">\n\t\t\t<div class=\"elementor-widget-wrap elementor-element-populated\">\n\t\t\t\t\t\t\t\t<div class=\"elementor-element elementor-element-1af39d8 elementor-widget elementor-widget-text-editor\" data-id=\"1af39d8\" data-element_type=\"widget\" data-widget_type=\"text-editor.default\">\n\t\t\t\t<div class=\"elementor-widget-container\">\n\t\t\t<style>\/*! elementor - v3.6.7 - 03-07-2022 *\/\n.elementor-widget-text-editor.elementor-drop-cap-view-stacked .elementor-drop-cap{background-color:#818a91;color:#fff}.elementor-widget-text-editor.elementor-drop-cap-view-framed .elementor-drop-cap{color:#818a91;border:3px solid;background-color:transparent}.elementor-widget-text-editor:not(.elementor-drop-cap-view-default) .elementor-drop-cap{margin-top:8px}.elementor-widget-text-editor:not(.elementor-drop-cap-view-default) .elementor-drop-cap-letter{width:1em;height:1em}.elementor-widget-text-editor .elementor-drop-cap{float:left;text-align:center;line-height:1;font-size:50px}.elementor-widget-text-editor .elementor-drop-cap-letter{display:inline-block}<\/style>\t\t\t\t<p>\u00a0<\/p><p>\u00a0<\/p>\t\t\t\t\t\t<\/div>\n\t\t\t\t<\/div>\n\t\t\t\t\t<\/div>\n\t\t<\/div>\n\t\t\t\t\t\t\t<\/div>\n\t\t<\/section>\n\t\t\t\t<section class=\"elementor-section elementor-top-section elementor-element elementor-element-24f9994 elementor-section-boxed elementor-section-height-default elementor-section-height-default\" data-id=\"24f9994\" data-element_type=\"section\" data-settings=\"{&quot;background_background&quot;:&quot;classic&quot;}\">\n\t\t\t\t\t\t<div class=\"elementor-container elementor-column-gap-default\">\n\t\t\t\t\t<div class=\"elementor-column elementor-col-100 elementor-top-column elementor-element elementor-element-aa4ba71\" data-id=\"aa4ba71\" data-element_type=\"column\">\n\t\t\t<div class=\"elementor-widget-wrap elementor-element-populated\">\n\t\t\t\t\t\t\t\t<div class=\"elementor-element elementor-element-2e8f799 elementor-widget elementor-widget-text-editor\" data-id=\"2e8f799\" data-element_type=\"widget\" data-widget_type=\"text-editor.default\">\n\t\t\t\t<div class=\"elementor-widget-container\">\n\t\t\t\t\t\t\t<h1><b>Datenschutzerkl\u00e4rung<\/b><\/h1><p>In dieser Datenschutzerkl\u00e4rung informieren wir Sie \u00fcber die Verarbeitung personenbezogener Daten bei der Nutzung dieser Website.<\/p><p><strong>Verantwortlicher<\/strong><\/p><p>Verantwortlich f\u00fcr die Datenverarbeitung ist<br \/><em>Dr. David Kuck<br \/>KRATOS Capital GmbH<br \/>+49 221 466 193 90<br \/>Kontakt@innovationsf\u00f6rderung.eu<\/em><\/p><p><strong style=\"font-style: inherit; color: var( --e-global-color-text ); font-family: var( --e-global-typography-text-font-family ), Sans-serif; background-color: var(--ast-global-color-5);\">Personenbezogene Daten<\/strong><\/p><p>Personenbezogene Daten sind alle Informationen, die sich auf eine identifizierte oder identifizierbare nat\u00fcrliche Person (im Folgenden &#8222;betroffene Person&#8220;) beziehen. Als identifizierbar wird eine nat\u00fcrliche Person angesehen, die direkt oder indirekt, insbesondere mittels Zuordnung zu einer Kennung wie einem Namen, zu einer Kennnummer, zu Standortdaten, zu einer Online-Kennung oder zu einem oder mehreren besonderen Merkmalen identifiziert werden kann, die Ausdruck der physischen, physiologischen, genetischen, psychischen, wirtschaftlichen, kulturellen oder sozialen Identit\u00e4t dieser nat\u00fcrlichen Person sind.<\/p><p><strong>Daten beim Websiteaufruf<\/strong><\/p><p>Wenn Sie diese Website nur nutzen, um sich zu informieren und keine Daten angeben, dann verarbeiten wir nur die Daten, die zur Anzeige der Website auf dem von Ihnen verwendeten internetf\u00e4higen Ger\u00e4t erforderlich sind. Das sind insbesondere:<\/p><ul><li>IP-Adresse<\/li><li>Datum und Uhrzeit der Anfrage<\/li><li>jeweils \u00fcbertragene Datenmenge<\/li><li>die Website, von der die Anforderung kommt<\/li><li>Browsertyp und Browserversion<\/li><li>Betriebssystem<\/li><\/ul><p>Rechtsgrundlage f\u00fcr die Verarbeitung dieser Daten sind berechtigte Interessen gem\u00e4\u00df Art. 6 Abs. 1 UAbs. 1 Buchstabe f) DSGVO, um die Darstellung der Website grunds\u00e4tzlich zu erm\u00f6glichen.<\/p><p>Dar\u00fcber hinaus k\u00f6nnen Sie verschiedene Leistungen auf der Website nutzen, bei der weitere personenbezogene und nicht personenbezogene Daten verarbeitet werden.<\/p><p><strong>Ihre Rechte<\/strong><\/p><p>Als betroffene Person haben Sie folgende Rechte:<\/p><ul><li>Sie haben ein Auskunftsrecht bez\u00fcglich der Sie betreffenden personenbezogenen Daten, die der Verantwortliche verarbeitet (Art. 15 DSGVO),<\/li><li>Sie haben das Recht auf Berichtigung der Sie betreffenden Daten, wenn diese unrichtig oder unvollst\u00e4ndig gespeichert werden (Art. 16 DSGVO),<\/li><li>Sie haben das Recht auf L\u00f6schung (Art. 17 DSGVO),<\/li><li>Sie haben das Recht, die Einschr\u00e4nkung der Verarbeitung Ihrer personenbezogenen Daten zu verlangen (Art. 18 DSGVO),<\/li><li>Sie haben das Recht auf Daten\u00fcbertragbarkeit (Art. 20 DSGVO),<\/li><li>Sie haben ein Widerspruchsrecht gegen die Verarbeitung Sie betreffender personenbezogener Daten (Art. 21 DSGVO),<\/li><li>Sie haben das Recht nicht einer ausschlie\u00dflich auf einer automatisierten Verarbeitung \u2013 einschlie\u00dflich Profiling \u2013 beruhenden Entscheidung unterworfen zu werden, die Ihnen gegen\u00fcber rechtliche Wirkung entfaltet oder sie in \u00e4hnlicher Weise erheblich beeintr\u00e4chtigt (Art. 22 DSGVO),<\/li><li>Sie haben das Recht, sich bei einem vermuteten Versto\u00df gegen das Datenschutzrecht bei der zust\u00e4ndigen Aufsichtsbeh\u00f6rde zu beschweren (Art. 77 DSGVO). Zust\u00e4ndig ist die Aufsichtsbeh\u00f6rde an Ihrem \u00fcblichen Aufenthaltsort, Arbeitsplatz oder am Ort des vermuteten Versto\u00dfes.<\/li><\/ul><p><strong style=\"font-style: inherit; color: var( --e-global-color-text ); font-family: var( --e-global-typography-text-font-family ), Sans-serif; background-color: var(--ast-global-color-5);\">Einsatz von Cookies\u00a0<\/strong><\/p><p>Beim Besuch der Website k\u00f6nnen Cookies auf Ihrem Ger\u00e4t gespeichert werden. Cookies sind kleine Textdateien, die von dem von Ihnen verwendeten Browser gespeichert werden. Cookies k\u00f6nnen keine Programme ausf\u00fchren und auch keine Viren auf Ihr Ger\u00e4t \u00fcbertragen. Die Stelle, die den Cookie setzt, kann dar\u00fcber jedoch bestimmte Informationen erhalten. Cookies dienen dazu, das Internetangebot benutzerfreundlicher zu machen. Mithilfe von Cookies kann beispielsweise das Ger\u00e4t, mit dem diese Website aufgerufen wurde, bei einem erneuten Aufruf erkannt werden.<\/p><p>Durch die Browsereinstellungen l\u00e4sst sich das Setzen von Cookies einschr\u00e4nken oder verhindern. So kann z. B. nur die Annahme von Cookies, die von Drittanbietern stammen, blockiert werden oder aber auch die Annahme von allen Cookies. Durch das Blockieren sind jedoch m\u00f6glicherweise nicht mehr alle Funktionen dieser Website nutzbar. Im weiteren Text dieser Datenschutzerkl\u00e4rung informieren wir Sie konkret, an welchen Stellen und zu welchen Zwecken Cookies auf den Seiten zum Einsatz kommen.<\/p><p><strong>Datenschutzerkl\u00e4rung f\u00fcr Google Analytics<\/strong><\/p><p>Diese Website verwendet Google Analytics, einen Webanalysedienst der Google Inc., 1600 Amphitheatre Parkway, Mountain View, CA 94043, USA. Zu diesem Zweck werden von Google Cookies auf dem Ger\u00e4t gesetzt. Diese erm\u00f6glichen eine Analyse der Website-Nutzung. Die dabei erfassten Informationen werden in der Regel an einen Server von Google in den USA \u00fcbermittelt und dort erfasst \u2013 darunter auch die IP-Adresse. Google Analytics ist dabei so eingestellt, dass IP-Adressen nur anonymisiert gespeichert werden. Google k\u00fcrzt aufgrund dieser Einstellung vor der Speicherung die innerhalb von Mitgliedstaaten der Europ\u00e4ischen Union oder in anderen Vertragsstaaten des Abkommens \u00fcber den Europ\u00e4ischen Wirtschaftsraum erfassten IP-Adressen. Google nutzt die gesammelten Informationen, um die Nutzung der Webseiten auszuwerten und entsprechende Berichte zu erstellen. Google Analytics ist so eingestellt, dass die Daten innerhalb von 14 Monaten nach ihrem Entstehen gel\u00f6scht werden.<\/p><p>Die Verarbeitung der Daten erfolgt auf Grundlage von Art. 6 Abs. 1 UAbs. 1 Buchstabe f) DSGVO mit dem berechtigten Interesse an der Verbesserung dieses Websiteangebots.<\/p><p>Das Setzen des Analytics-Cookies l\u00e4sst sich verhindern, indem der Browser so eingestellt wird, dass dieser alle Cookies ablehnt. M\u00f6glicherweise beeintr\u00e4chtigt das jedoch die Nutzungsm\u00f6glichkeiten dieser Website. Die Erfassung von Daten durch Google kann au\u00dferdem die Installation des folgenden Browser-Plug-ins verhindern: <a href=\"https:\/\/tools.google.com\/dlpage\/gaoptout?hl=de\">https:\/\/tools.google.com\/dlpage\/gaoptout?hl=de<\/a>. Die Erfassung von Daten durch Google Analytics verhindert zudem ein Klick auf folgenden Link. Dieser setzt ein entsprechende Opt-Out-Cookie: <a>Erfassung von Daten durch Google Analytics f\u00fcr diese Website deaktivieren<\/a>.<\/p><p>Weitere Informationen zum Datenschutz von Google finden Sie unter: <a href=\"https:\/\/www.google.com\/intl\/de\/analytics\/privacyoverview.html\">https:\/\/www.google.com\/intl\/de\/analytics\/privacyoverview.html<\/a>.<\/p><p><strong>Datenschutzerkl\u00e4rung f\u00fcr Google AdSense<\/strong><\/p><p>Diese Website verwendet Google AdSense, einen Dienst der Google Inc., 1600 Amphitheatre Parkway, Mountain View, CA 94043, USA. Google AdSense erm\u00f6glicht die Einbindung von Werbung auf Webseiten. Zu diesem Zweck werden von Google Cookies (kleine Textdateien) auf dem Ger\u00e4t gesetzt bzw. bzw. Web-Beacons (unsichtbare Pixel) angezeigt. Diese erm\u00f6glichen eine Analyse der Websitebesuche. Dank der Cookies f\u00fcr Anzeigenvorgaben k\u00f6nnen Google und seine Partner Nutzern auf Basis der Aufrufe dieser Website oder anderer Websites Werbeanzeigen bereitstellen. Die dabei erfassten Informationen werden in der Regel an einen Server von Google in den USA \u00fcbertragen und dort gespeichert \u2013 darunter auch die IP-Adresse. M\u00f6glicherweise gibt Google diese Informationen an Dritte weiter.<\/p><p>Die Verarbeitung der Daten erfolgt auf Grundlage von Art. 6 Abs. 1 UAbs. 1 Buchstabe f) DSGVO mit dem berechtigten Interesse an der Verbesserung des Websiteangebots wie der Werbung.<\/p><p>Das Setzen des AdSense-Cookies l\u00e4sst sich durch Einstellung des Browsers verhindern, indem dieser alle Cookies ablehnt. M\u00f6glicherweise beeintr\u00e4chtigt das jedoch die Nutzungsm\u00f6glichkeiten dieser Website. Sie k\u00f6nnen personalisierte Werbung zudem auf folgender Seite deaktivieren: <a href=\"https:\/\/adssettings.google.com\/anonymous\">https:\/\/adssettings.google.com\/anonymous<\/a>.<\/p><p>Weitere Informationen zum Datenschutz durch Google finden Sie unter: <a href=\"https:\/\/www.google.com\/intl\/de\/analytics\/privacyoverview.html\">https:\/\/www.google.com\/intl\/de\/analytics\/privacyoverview.html<\/a>.<\/p><p><strong>Datenschutzerkl\u00e4rung f\u00fcr Facebook<\/strong><\/p><p>Diese Website verwendet Social-Media-Funktionen von Facebook Inc., 1601 S. California Ave, Palo Alto, CA 94304, USA. \u00dcber darauf eingebundene Facebook-Like-Schaltfl\u00e4chen \u2013 Facebook-Like-Button \u2013 k\u00f6nnen Sie Inhalte im sozialen Netzwerk von Facebook teilen. Rechtsgrundlage f\u00fcr die Verarbeitung der Daten ist Art. 6 Abs. 1 UAbs. 1 Buchstabe f) DSGVO das berechtigte Interesse an der Optimierung des Websiteangebots. Bei Aufruf einer Seite mit integriertem Facebook-Like-Button wird grunds\u00e4tzlich eine Verbindung zwischen dem verwendeten Browser und den Servern von Facebook aufgebaut. Um diese sofortige Verbindung zu unterbinden, verwendet diese Website eine L\u00f6sung, bei der diese \u00dcbertragung erst mit Bet\u00e4tigen des Facebook-Like-Buttons stattfindet. Erst beim zweiten Bet\u00e4tigen des Facebook-Like-Buttons werden Daten an Facebook \u00fcbertragen. Besitzen Sie einen Facebook-Account, k\u00f6nnen diese Daten mit diesem verkn\u00fcpft werden. Wenn Sie keine Zuordnung dieser Daten zu Ihrem Facebook-Account w\u00fcnschen, loggen Sie sich daher bitte vor dem Besuch unserer Seite bei Facebook aus und l\u00f6schen Sie die Cookies in Ihrem Browser. Facebook hat sich dem Datenschutzabkommen \u201ePrivacy Shield\u201c zwischen der USA und der EU unterworfen. Mehr zum Datenschutz von Facebook erfahren Sie unter <a href=\"https:\/\/de-de.facebook.com\/privacy\/explanation\">https:\/\/de-de.facebook.com\/privacy\/explanation<\/a>.<\/p><p>Quelle: <a href=\"https:\/\/www.anwalt.de\/vorlage\/muster-datenschutzerklaerung.php\" rel=\"nofollow\">Muster-Datenschutzerkl\u00e4rung von anwalt.de<\/a><\/p>\t\t\t\t\t\t<\/div>\n\t\t\t\t<\/div>\n\t\t\t\t\t<\/div>\n\t\t<\/div>\n\t\t\t\t\t\t\t<\/div>\n\t\t<\/section>\n\t\t\t\t\t\t\t<\/div>\n\t\t","protected":false},"excerpt":{"rendered":"<p>\u00a0 \u00a0 Datenschutzerkl\u00e4rung In dieser Datenschutzerkl\u00e4rung informieren wir Sie \u00fcber die Verarbeitung personenbezogener Daten bei der Nutzung dieser Website. Verantwortlicher Verantwortlich f\u00fcr die Datenverarbeitung istDr. David KuckKRATOS Capital GmbH+49 221 466 193 90Kontakt@innovationsf\u00f6rderung.eu Personenbezogene Daten Personenbezogene Daten sind alle Informationen, die sich auf eine identifizierte oder identifizierbare nat\u00fcrliche Person (im Folgenden &#8222;betroffene Person&#8220;) beziehen. Als &hellip;<\/p>\n<p class=\"read-more\"> <a class=\"\" href=\"https:\/\/innovationsf\u00f6rderung.eu\/?page_id=80\"> <span class=\"screen-reader-text\">Datenschutzerkl\u00e4rung<\/span> Weiterlesen &raquo;<\/a><\/p>\n","protected":false},"author":1,"featured_media":0,"parent":0,"menu_order":0,"comment_status":"closed","ping_status":"closed","template":"","meta":{"site-sidebar-layout":"no-sidebar","site-content-layout":"page-builder","ast-global-header-display":"","ast-main-header-display":"","ast-hfb-above-header-display":"","ast-hfb-below-header-display":"","ast-hfb-mobile-header-display":"","site-post-title":"disabled","ast-breadcrumbs-content":"","ast-featured-img":"disabled","footer-sml-layout":"","theme-transparent-header-meta":"","adv-header-id-meta":"","stick-header-meta":"","header-above-stick-meta":"","header-main-stick-meta":"","header-below-stick-meta":""},"yoast_head":"<!-- This site is optimized with the Yoast SEO plugin v19.3 - https:\/\/yoast.com\/wordpress\/plugins\/seo\/ -->\n<title>Datenschutzerkl\u00e4rung - innovationsf\u00f6rderung.eu<\/title>\n<meta name=\"robots\" content=\"index, follow, max-snippet:-1, max-image-preview:large, max-video-preview:-1\" \/>\n<link rel=\"canonical\" href=\"https:\/\/innovationsf\u00f6rderung.eu\/?page_id=80\" \/>\n<meta property=\"og:locale\" content=\"de_DE\" \/>\n<meta property=\"og:type\" content=\"article\" \/>\n<meta property=\"og:title\" content=\"Datenschutzerkl\u00e4rung - innovationsf\u00f6rderung.eu\" \/>\n<meta property=\"og:description\" content=\"\u00a0 \u00a0 Datenschutzerkl\u00e4rung In dieser Datenschutzerkl\u00e4rung informieren wir Sie \u00fcber die Verarbeitung personenbezogener Daten bei der Nutzung dieser Website. Verantwortlicher Verantwortlich f\u00fcr die Datenverarbeitung istDr. David KuckKRATOS Capital GmbH+49 221 466 193 90Kontakt@innovationsf\u00f6rderung.eu Personenbezogene Daten Personenbezogene Daten sind alle Informationen, die sich auf eine identifizierte oder identifizierbare nat\u00fcrliche Person (im Folgenden &#8222;betroffene Person&#8220;) beziehen. Als &hellip; Datenschutzerkl\u00e4rung Weiterlesen &raquo;\" \/>\n<meta property=\"og:url\" content=\"https:\/\/innovationsf\u00f6rderung.eu\/?page_id=80\" \/>\n<meta property=\"og:site_name\" content=\"innovationsf\u00f6rderung.eu\" \/>\n<meta property=\"article:modified_time\" content=\"2022-07-11T14:19:09+00:00\" \/>\n<meta name=\"twitter:card\" content=\"summary_large_image\" \/>\n<meta name=\"twitter:label1\" content=\"Gesch\u00e4tzte Lesezeit\" \/>\n\t<meta name=\"twitter:data1\" content=\"6\u00a0Minuten\" \/>\n<script type=\"application\/ld+json\" class=\"yoast-schema-graph\">{\"@context\":\"https:\/\/schema.org\",\"@graph\":[{\"@type\":\"Organization\",\"@id\":\"https:\/\/innovationsf\u00f6rderung.eu\/#organization\",\"name\":\"innovationsf\u00f6rderung.eu\",\"url\":\"https:\/\/innovationsf\u00f6rderung.eu\/\",\"sameAs\":[],\"logo\":{\"@type\":\"ImageObject\",\"inLanguage\":\"de\",\"@id\":\"https:\/\/innovationsf\u00f6rderung.eu\/#\/schema\/logo\/image\/\",\"url\":\"https:\/\/innovationsf\u00f6rderung.eu\/wp-content\/uploads\/2022\/02\/cropped-logo_transparent.png\",\"contentUrl\":\"https:\/\/innovationsf\u00f6rderung.eu\/wp-content\/uploads\/2022\/02\/cropped-logo_transparent.png\",\"width\":200,\"height\":79,\"caption\":\"innovationsf\u00f6rderung.eu\"},\"image\":{\"@id\":\"https:\/\/innovationsf\u00f6rderung.eu\/#\/schema\/logo\/image\/\"}},{\"@type\":\"WebSite\",\"@id\":\"https:\/\/innovationsf\u00f6rderung.eu\/#website\",\"url\":\"https:\/\/innovationsf\u00f6rderung.eu\/\",\"name\":\"innovationsf\u00f6rderung.eu\",\"description\":\"Unb\u00fcrokratische Innovationsberatung mit Erfolgsgarantie\",\"publisher\":{\"@id\":\"https:\/\/innovationsf\u00f6rderung.eu\/#organization\"},\"potentialAction\":[{\"@type\":\"SearchAction\",\"target\":{\"@type\":\"EntryPoint\",\"urlTemplate\":\"https:\/\/innovationsf\u00f6rderung.eu\/?s={search_term_string}\"},\"query-input\":\"required name=search_term_string\"}],\"inLanguage\":\"de\"},{\"@type\":\"WebPage\",\"@id\":\"https:\/\/innovationsf\u00f6rderung.eu\/?page_id=80\",\"url\":\"https:\/\/innovationsf\u00f6rderung.eu\/?page_id=80\",\"name\":\"Datenschutzerkl\u00e4rung - innovationsf\u00f6rderung.eu\",\"isPartOf\":{\"@id\":\"https:\/\/innovationsf\u00f6rderung.eu\/#website\"},\"datePublished\":\"2022-07-11T13:42:50+00:00\",\"dateModified\":\"2022-07-11T14:19:09+00:00\",\"breadcrumb\":{\"@id\":\"https:\/\/innovationsf\u00f6rderung.eu\/?page_id=80#breadcrumb\"},\"inLanguage\":\"de\",\"potentialAction\":[{\"@type\":\"ReadAction\",\"target\":[\"https:\/\/innovationsf\u00f6rderung.eu\/?page_id=80\"]}]},{\"@type\":\"BreadcrumbList\",\"@id\":\"https:\/\/innovationsf\u00f6rderung.eu\/?page_id=80#breadcrumb\",\"itemListElement\":[{\"@type\":\"ListItem\",\"position\":1,\"name\":\"Home\",\"item\":\"https:\/\/innovationsf\u00f6rderung.eu\/\"},{\"@type\":\"ListItem\",\"position\":2,\"name\":\"Datenschutzerkl\u00e4rung\"}]}]}<\/script>\n<!-- \/ Yoast SEO plugin. -->","yoast_head_json":{"title":"Datenschutzerkl\u00e4rung - innovationsf\u00f6rderung.eu","robots":{"index":"index","follow":"follow","max-snippet":"max-snippet:-1","max-image-preview":"max-image-preview:large","max-video-preview":"max-video-preview:-1"},"canonical":"https:\/\/innovationsf\u00f6rderung.eu\/?page_id=80","og_locale":"de_DE","og_type":"article","og_title":"Datenschutzerkl\u00e4rung - innovationsf\u00f6rderung.eu","og_description":"\u00a0 \u00a0 Datenschutzerkl\u00e4rung In dieser Datenschutzerkl\u00e4rung informieren wir Sie \u00fcber die Verarbeitung personenbezogener Daten bei der Nutzung dieser Website. Verantwortlicher Verantwortlich f\u00fcr die Datenverarbeitung istDr. David KuckKRATOS Capital GmbH+49 221 466 193 90Kontakt@innovationsf\u00f6rderung.eu Personenbezogene Daten Personenbezogene Daten sind alle Informationen, die sich auf eine identifizierte oder identifizierbare nat\u00fcrliche Person (im Folgenden &#8222;betroffene Person&#8220;) beziehen. Als &hellip; Datenschutzerkl\u00e4rung Weiterlesen &raquo;","og_url":"https:\/\/innovationsf\u00f6rderung.eu\/?page_id=80","og_site_name":"innovationsf\u00f6rderung.eu","article_modified_time":"2022-07-11T14:19:09+00:00","twitter_card":"summary_large_image","twitter_misc":{"Gesch\u00e4tzte Lesezeit":"6\u00a0Minuten"},"schema":{"@context":"https:\/\/schema.org","@graph":[{"@type":"Organization","@id":"https:\/\/innovationsf\u00f6rderung.eu\/#organization","name":"innovationsf\u00f6rderung.eu","url":"https:\/\/innovationsf\u00f6rderung.eu\/","sameAs":[],"logo":{"@type":"ImageObject","inLanguage":"de","@id":"https:\/\/innovationsf\u00f6rderung.eu\/#\/schema\/logo\/image\/","url":"https:\/\/innovationsf\u00f6rderung.eu\/wp-content\/uploads\/2022\/02\/cropped-logo_transparent.png","contentUrl":"https:\/\/innovationsf\u00f6rderung.eu\/wp-content\/uploads\/2022\/02\/cropped-logo_transparent.png","width":200,"height":79,"caption":"innovationsf\u00f6rderung.eu"},"image":{"@id":"https:\/\/innovationsf\u00f6rderung.eu\/#\/schema\/logo\/image\/"}},{"@type":"WebSite","@id":"https:\/\/innovationsf\u00f6rderung.eu\/#website","url":"https:\/\/innovationsf\u00f6rderung.eu\/","name":"innovationsf\u00f6rderung.eu","description":"Unb\u00fcrokratische Innovationsberatung mit Erfolgsgarantie","publisher":{"@id":"https:\/\/innovationsf\u00f6rderung.eu\/#organization"},"potentialAction":[{"@type":"SearchAction","target":{"@type":"EntryPoint","urlTemplate":"https:\/\/innovationsf\u00f6rderung.eu\/?s={search_term_string}"},"query-input":"required name=search_term_string"}],"inLanguage":"de"},{"@type":"WebPage","@id":"https:\/\/innovationsf\u00f6rderung.eu\/?page_id=80","url":"https:\/\/innovationsf\u00f6rderung.eu\/?page_id=80","name":"Datenschutzerkl\u00e4rung - innovationsf\u00f6rderung.eu","isPartOf":{"@id":"https:\/\/innovationsf\u00f6rderung.eu\/#website"},"datePublished":"2022-07-11T13:42:50+00:00","dateModified":"2022-07-11T14:19:09+00:00","breadcrumb":{"@id":"https:\/\/innovationsf\u00f6rderung.eu\/?page_id=80#breadcrumb"},"inLanguage":"de","potentialAction":[{"@type":"ReadAction","target":["https:\/\/innovationsf\u00f6rderung.eu\/?page_id=80"]}]},{"@type":"BreadcrumbList","@id":"https:\/\/innovationsf\u00f6rderung.eu\/?page_id=80#breadcrumb","itemListElement":[{"@type":"ListItem","position":1,"name":"Home","item":"https:\/\/innovationsf\u00f6rderung.eu\/"},{"@type":"ListItem","position":2,"name":"Datenschutzerkl\u00e4rung"}]}]}},"_links":{"self":[{"href":"https:\/\/innovationsf\u00f6rderung.eu\/index.php?rest_route=\/wp\/v2\/pages\/80"}],"collection":[{"href":"https:\/\/innovationsf\u00f6rderung.eu\/index.php?rest_route=\/wp\/v2\/pages"}],"about":[{"href":"https:\/\/innovationsf\u00f6rderung.eu\/index.php?rest_route=\/wp\/v2\/types\/page"}],"author":[{"embeddable":true,"href":"https:\/\/innovationsf\u00f6rderung.eu\/index.php?rest_route=\/wp\/v2\/users\/1"}],"replies":[{"embeddable":true,"href":"https:\/\/innovationsf\u00f6rderung.eu\/index.php?rest_route=%2Fwp%2Fv2%2Fcomments&post=80"}],"version-history":[{"count":0,"href":"https:\/\/innovationsf\u00f6rderung.eu\/index.php?rest_route=\/wp\/v2\/pages\/80\/revisions"}],"wp:attachment":[{"href":"https:\/\/innovationsf\u00f6rderung.eu\/index.php?rest_route=%2Fwp%2Fv2%2Fmedia&parent=80"}],"curies":[{"name":"wp","href":"https:\/\/api.w.org\/{rel}","templated":true}]}}